{"id":422,"date":"2021-03-14T15:41:18","date_gmt":"2021-03-14T18:41:18","guid":{"rendered":"https:\/\/tnah.io\/?post_type=product&#038;p=422"},"modified":"2021-11-07T19:24:16","modified_gmt":"2021-11-07T22:24:16","slug":"combo-plus","status":"publish","type":"product","link":"https:\/\/oeekit.com\/index.php\/product\/combo-plus\/","title":{"rendered":"Combo Personaliz\u00e1vel"},"content":{"rendered":"<p>[et_pb_section fb_built=&#8221;1&#8243; _builder_version=&#8221;3.22&#8243; custom_padding=&#8221;0px||||false|false&#8221; global_module=&#8221;4176&#8243; saved_tabs=&#8221;all&#8221; collapsed=&#8221;on&#8221;][et_pb_row _builder_version=&#8221;3.25&#8243; background_size=&#8221;initial&#8221; background_position=&#8221;top_left&#8221; background_repeat=&#8221;repeat&#8221; width=&#8221;100%&#8221; custom_padding=&#8221;0px||0px||false|false&#8221;][et_pb_column type=&#8221;4_4&#8243; _builder_version=&#8221;3.25&#8243; custom_padding=&#8221;|||&#8221; custom_padding__hover=&#8221;|||&#8221;][et_pb_wc_breadcrumb _builder_version=&#8221;3.0.47&#8243;][\/et_pb_wc_breadcrumb][et_pb_wc_cart_notice _builder_version=&#8221;3.0.47&#8243;][\/et_pb_wc_cart_notice][\/et_pb_column][\/et_pb_row][et_pb_row column_structure=&#8221;1_2,1_2&#8243; _builder_version=&#8221;3.25&#8243; background_size=&#8221;initial&#8221; background_position=&#8221;top_left&#8221; background_repeat=&#8221;repeat&#8221; width=&#8221;100%&#8221; custom_padding=&#8221;0px||||false|false&#8221;][et_pb_column type=&#8221;1_2&#8243; _builder_version=&#8221;3.25&#8243; custom_padding=&#8221;|||&#8221; custom_padding__hover=&#8221;|||&#8221;][et_pb_wc_images _builder_version=&#8221;3.0.47&#8243;][\/et_pb_wc_images][\/et_pb_column][et_pb_column type=&#8221;1_2&#8243; _builder_version=&#8221;3.25&#8243; custom_padding=&#8221;|||&#8221; custom_padding__hover=&#8221;|||&#8221;][et_pb_wc_title _builder_version=&#8221;3.0.47&#8243;][\/et_pb_wc_title][et_pb_wc_rating _builder_version=&#8221;3.0.47&#8243;][\/et_pb_wc_rating][et_pb_wc_price _builder_version=&#8221;3.0.47&#8243;][\/et_pb_wc_price][et_pb_wc_description _builder_version=&#8221;3.0.47&#8243;][\/et_pb_wc_description][et_pb_wc_add_to_cart _builder_version=&#8221;3.0.47&#8243;][\/et_pb_wc_add_to_cart][et_pb_wc_meta _builder_version=&#8221;3.0.47&#8243;][\/et_pb_wc_meta][\/et_pb_column][\/et_pb_row][et_pb_row _builder_version=&#8221;3.25&#8243; background_size=&#8221;initial&#8221; background_position=&#8221;top_left&#8221; background_repeat=&#8221;repeat&#8221; width=&#8221;100%&#8221;][et_pb_column type=&#8221;4_4&#8243; _builder_version=&#8221;3.25&#8243; custom_padding=&#8221;|||&#8221; custom_padding__hover=&#8221;|||&#8221;][et_pb_wc_tabs _builder_version=&#8221;3.0.47&#8243;]\t\t\t\t\t[\/et_pb_wc_tabs][et_pb_wc_upsells _builder_version=&#8221;3.0.47&#8243;][\/et_pb_wc_upsells][et_pb_wc_related_products _builder_version=&#8221;3.0.47&#8243;][\/et_pb_wc_related_products][\/et_pb_column][\/et_pb_row][\/et_pb_section]<\/p>\n","protected":false},"excerpt":{"rendered":"","protected":false},"featured_media":1284,"template":"","meta":{"_et_pb_use_builder":"on","_et_pb_old_content":"O Modulo Controlador Wi-Fi \u00e9 considerado o cora\u00e7\u00e3o da solu\u00e7\u00e3o, item obrigat\u00f3rio para o controle de m\u00e1quinas, atrav\u00e9s dele todas as informa\u00e7\u00f5es s\u00e3o captadas e transmitidas para a nuvem um produto simples, robusto e de f\u00e1cil instala\u00e7\u00e3o.\r\n<ol>\r\n \t<li>Capta\u00e7\u00e3o de at\u00e9 16 sinais por m\u00e1quina, entre entradas e sa\u00eddas;<\/li>\r\n \t<li>Possui antena Wi-Fi, dispensando a utiliza\u00e7\u00e3o de cabos ethernet;<\/li>\r\n \t<li>Possui fura\u00e7\u00e3o traseira para fixa\u00e7\u00e3o do produto em diversos ambientes;<\/li>\r\n \t<li>Produto compacto, cabe na palma da sua m\u00e3o;<\/li>\r\n \t<li>Possui uma gama de acess\u00f3rios para compra em caso de necessidade.<\/li>\r\n<\/ol>\r\nA ativa\u00e7\u00e3o do dispositivo \u00e9 r\u00e1pida, leva menos de 2 minutos, ap\u00f3s a liga\u00e7\u00e3o da energia e dos sinais conecte-se ao dispositivo atrav\u00e9s da conex\u00e3o sem fio (Wi-Fi) criada pelo controlador, informe o seu usu\u00e1rio e senha da rede sem fio local e pronto, o controlador j\u00e1 esta fazendo a capta\u00e7\u00e3o e transmiss\u00e3o dos dados para os seus monitores.","_et_gb_content_width":"","_joinchat":[]},"product_cat":[42],"product_tag":[],"_links":{"self":[{"href":"https:\/\/oeekit.com\/index.php\/wp-json\/wp\/v2\/product\/422"}],"collection":[{"href":"https:\/\/oeekit.com\/index.php\/wp-json\/wp\/v2\/product"}],"about":[{"href":"https:\/\/oeekit.com\/index.php\/wp-json\/wp\/v2\/types\/product"}],"wp:featuredmedia":[{"embeddable":true,"href":"https:\/\/oeekit.com\/index.php\/wp-json\/wp\/v2\/media\/1284"}],"wp:attachment":[{"href":"https:\/\/oeekit.com\/index.php\/wp-json\/wp\/v2\/media?parent=422"}],"wp:term":[{"taxonomy":"product_cat","embeddable":true,"href":"https:\/\/oeekit.com\/index.php\/wp-json\/wp\/v2\/product_cat?post=422"},{"taxonomy":"product_tag","embeddable":true,"href":"https:\/\/oeekit.com\/index.php\/wp-json\/wp\/v2\/product_tag?post=422"}],"curies":[{"name":"wp","href":"https:\/\/api.w.org\/{rel}","templated":true}]}}