{"id":358,"date":"2021-03-08T14:51:16","date_gmt":"2021-03-08T17:51:16","guid":{"rendered":"https:\/\/tnah.io\/product\/kit-painel-de-producao\/"},"modified":"2024-10-23T17:21:57","modified_gmt":"2024-10-23T20:21:57","slug":"kit-painel-de-producao","status":"publish","type":"product","link":"https:\/\/oeekit.com\/index.php\/product\/kit-painel-de-producao\/","title":{"rendered":"Kit Painel de Produ\u00e7\u00e3o"},"content":{"rendered":"<p>[et_pb_section fb_built=&#8221;1&#8243; _builder_version=&#8221;3.22&#8243; custom_padding=&#8221;0px||||false|false&#8221; collapsed=&#8221;on&#8221;][et_pb_row _builder_version=&#8221;3.25&#8243; background_size=&#8221;initial&#8221; background_position=&#8221;top_left&#8221; background_repeat=&#8221;repeat&#8221; width=&#8221;100%&#8221; custom_padding=&#8221;0px||0px||false|false&#8221;][et_pb_column type=&#8221;4_4&#8243; _builder_version=&#8221;3.25&#8243; custom_padding=&#8221;|||&#8221; custom_padding__hover=&#8221;|||&#8221;][et_pb_wc_breadcrumb _builder_version=&#8221;3.0.47&#8243;][\/et_pb_wc_breadcrumb][et_pb_wc_cart_notice _builder_version=&#8221;3.0.47&#8243;][\/et_pb_wc_cart_notice][\/et_pb_column][\/et_pb_row][et_pb_row column_structure=&#8221;1_2,1_2&#8243; _builder_version=&#8221;3.25&#8243; background_size=&#8221;initial&#8221; background_position=&#8221;top_left&#8221; background_repeat=&#8221;repeat&#8221; width=&#8221;100%&#8221; custom_padding=&#8221;0px||||false|false&#8221;][et_pb_column type=&#8221;1_2&#8243; _builder_version=&#8221;3.25&#8243; custom_padding=&#8221;|||&#8221; custom_padding__hover=&#8221;|||&#8221;][et_pb_wc_images _builder_version=&#8221;3.0.47&#8243;][\/et_pb_wc_images][\/et_pb_column][et_pb_column type=&#8221;1_2&#8243; _builder_version=&#8221;3.25&#8243; custom_padding=&#8221;|||&#8221; custom_padding__hover=&#8221;|||&#8221;][et_pb_wc_title _builder_version=&#8221;3.0.47&#8243;][\/et_pb_wc_title][et_pb_wc_rating _builder_version=&#8221;3.0.47&#8243;][\/et_pb_wc_rating][et_pb_wc_price _builder_version=&#8221;3.0.47&#8243;][\/et_pb_wc_price][et_pb_wc_description _builder_version=&#8221;3.0.47&#8243;][\/et_pb_wc_description][et_pb_wc_add_to_cart _builder_version=&#8221;3.0.47&#8243;][\/et_pb_wc_add_to_cart][et_pb_wc_meta _builder_version=&#8221;3.0.47&#8243;][\/et_pb_wc_meta][\/et_pb_column][\/et_pb_row][et_pb_row _builder_version=&#8221;3.25&#8243; background_size=&#8221;initial&#8221; background_position=&#8221;top_left&#8221; background_repeat=&#8221;repeat&#8221; width=&#8221;100%&#8221;][et_pb_column type=&#8221;4_4&#8243; _builder_version=&#8221;3.25&#8243; custom_padding=&#8221;|||&#8221; custom_padding__hover=&#8221;|||&#8221;][et_pb_wc_tabs _builder_version=&#8221;3.0.47&#8243;]\t\t\t\t\t[\/et_pb_wc_tabs][et_pb_wc_upsells _builder_version=&#8221;3.0.47&#8243;][\/et_pb_wc_upsells][et_pb_wc_related_products _builder_version=&#8221;3.0.47&#8243;][\/et_pb_wc_related_products][\/et_pb_column][\/et_pb_row][\/et_pb_section]<\/p>\n","protected":false},"excerpt":{"rendered":"","protected":false},"featured_media":1286,"template":"","meta":{"_et_pb_use_builder":"on","_et_pb_old_content":"O Kit Painel de Produ\u00e7\u00e3o Wifi 2,4 GHz com suporte tem a finalidade de integrar gest\u00e3o visual, controle da produtividade e acompanhamento em tempo real da produ\u00e7\u00e3o para um imediato feedback com informa\u00e7\u00f5es acess\u00edveis e simples capazes de facilitar o trabalho di\u00e1rio e o controle do mesmo por gestores e supervisores.\r\n\r\nSegue abaixo alguns benef\u00edcios da utiliza\u00e7\u00e3o do mesmo:\r\n\r\n1-Indicam visualmente, em tempo real, os n\u00fameros da produ\u00e7\u00e3o para medi\u00e7\u00e3o da produtividade e emitem sinais de alerta visuais sobre paradas, tempo efetivo, falhas e eventos na linha de produ\u00e7\u00e3o.\r\n2-Indicadores de efici\u00eancia por turno e por posto de opera\u00e7\u00e3o;\r\n3-Facilidade e agilidade para acompanhamento de colaboradores e supervisores que podem monitorar a produ\u00e7\u00e3o a dist\u00e2ncia;\r\n4-Instala\u00e7\u00e3o f\u00e1cil e r\u00e1pida;\r\n5-O Suporte articulado permite a instala\u00e7\u00e3o em teto ou em parede, proporcionando adequa\u00e7\u00e3o no melhor lugar dentro da produ\u00e7\u00e3o para f\u00e1cil acesso e visibilidade;\r\n6-O mini PC pode ser instalado na parte posterior do monitor, com aproveitamento de espa\u00e7o e uma instala\u00e7\u00e3o mais clean sem tantos cabos a mostra;\r\n\r\nA aplica\u00e7\u00e3o ja vai instalada e configurada, podendo apenas instalar o painel e imediatamente j\u00e1 come\u00e7\u00e3r a utilizar os recursos.","_et_gb_content_width":"","_joinchat":[]},"product_cat":[17,19],"product_tag":[],"_links":{"self":[{"href":"https:\/\/oeekit.com\/index.php\/wp-json\/wp\/v2\/product\/358"}],"collection":[{"href":"https:\/\/oeekit.com\/index.php\/wp-json\/wp\/v2\/product"}],"about":[{"href":"https:\/\/oeekit.com\/index.php\/wp-json\/wp\/v2\/types\/product"}],"wp:featuredmedia":[{"embeddable":true,"href":"https:\/\/oeekit.com\/index.php\/wp-json\/wp\/v2\/media\/1286"}],"wp:attachment":[{"href":"https:\/\/oeekit.com\/index.php\/wp-json\/wp\/v2\/media?parent=358"}],"wp:term":[{"taxonomy":"product_cat","embeddable":true,"href":"https:\/\/oeekit.com\/index.php\/wp-json\/wp\/v2\/product_cat?post=358"},{"taxonomy":"product_tag","embeddable":true,"href":"https:\/\/oeekit.com\/index.php\/wp-json\/wp\/v2\/product_tag?post=358"}],"curies":[{"name":"wp","href":"https:\/\/api.w.org\/{rel}","templated":true}]}}